{"id":811,"date":"2013-10-24T23:12:26","date_gmt":"2013-10-24T23:12:26","guid":{"rendered":"https:\/\/duplakovacs.hu\/?page_id=811"},"modified":"2013-12-02T06:11:37","modified_gmt":"2013-12-02T06:11:37","slug":"keritesek","status":"publish","type":"page","link":"https:\/\/duplakovacs.hu\/?page_id=811","title":{"rendered":"Kulcsm\u00e1sol\u00e1s"},"content":{"rendered":"<div id=\"attachment_937\" style=\"width: 310px\" class=\"wp-caption alignnone\"><a href=\"https:\/\/duplakovacs.hu\/wp-content\/uploads\/2013\/10\/Szort\u00edr-100.jpg\"><img loading=\"lazy\" decoding=\"async\" aria-describedby=\"caption-attachment-937\" class=\"size-medium wp-image-937\" alt=\"\u00d6nt\u0151mint\u00e1val k\u00e9szitett  kulcs 70 \u00e9ves ajt\u00f3z\u00e1rba k\u00e9sz\u00fclt m\u00e1solat.\" src=\"https:\/\/duplakovacs.hu\/wp-content\/uploads\/2013\/10\/Szort\u00edr-100-300x225.jpg\" width=\"300\" height=\"225\" srcset=\"https:\/\/duplakovacs.hu\/wp-content\/uploads\/2013\/10\/Szort\u00edr-100-300x225.jpg 300w, https:\/\/duplakovacs.hu\/wp-content\/uploads\/2013\/10\/Szort\u00edr-100-1024x768.jpg 1024w\" sizes=\"auto, (max-width: 300px) 100vw, 300px\" \/><\/a><p id=\"caption-attachment-937\" class=\"wp-caption-text\">\u00d6nt\u0151mint\u00e1val k\u00e9szitett kulcs 70 \u00e9ves ajt\u00f3z\u00e1rba k\u00e9sz\u00fclt m\u00e1solat.<\/p><\/div>\n<h2>Kulcs<\/h2>\n<div>\n<div><a title=\"Key.jpg\" href=\"http:\/\/wikiszotar.hu\/wiki\/magyar_ertelmezo_szotar\/Image:Key.jpg\"><img loading=\"lazy\" decoding=\"async\" alt=\"\" src=\"http:\/\/wikiszotar.hu\/images\/e\/ef\/Key.jpg\" width=\"180\" height=\"267\" border=\"0\" \/><\/a><\/p>\n<div><\/div>\n<\/div>\n<\/div>\n<p>Egy\u00a0<b>z\u00e1rat nyit\u00f3 eszk\u00f6z<\/b>.<\/p>\n<p><i>A csal\u00e1d minden tagja kap egy\u00a0<b>kulcs<\/b>ot a lak\u00e1shoz. A\u00a0<b>kulcs<\/b>ot k\u00e9tszer kell elford\u00edtani ahhoz, hogy kiny\u00edljon az ajt\u00f3. A kis l\u00e1dika\u00a0<b>kulcsa<\/b>\u00a0a fi\u00f3kban van bez\u00e1rva.<\/i><\/p>\n<p><b>Eredet<\/b>\u00a0[<i>kulcs<\/i>\u00a0&lt;\u00a0<a title=\"\u00d3magyar\" href=\"http:\/\/wikiszotar.hu\/wiki\/magyar_ertelmezo_szotar\/%C3%93magyar\">\u00f3magyar<\/a>:\u00a0<i>kulcs<\/i>\u00a0&lt;\u00a0<a title=\"\u0150smagyar\" href=\"http:\/\/wikiszotar.hu\/wiki\/magyar_ertelmezo_szotar\/%C5%90smagyar\">\u0151smagyar<\/a>:\u00a0<i>k\u00f3lcs, kalincs<\/i>\u00a0(kulcs, kilincs) &lt;\u00a0<a title=\"Dravida\" href=\"http:\/\/wikiszotar.hu\/wiki\/magyar_ertelmezo_szotar\/Dravida\">dravida<\/a>:\u00a0<i>kilittu<\/i>\u00a0(kulcsol &lt; rug\u00f3t \u00f6sszenyom) &lt;\u00a0<i>kilu<\/i>\u00a0(rug\u00f3)]<\/p>\n<p><span style=\"font-size: 1.5em;\">Tov\u00e1bbi r\u00e9szletez\u00e9s<\/span><\/p>\n<p><b>1.<\/b>\u00a0<b>Z\u00e1r ny\u00edl\u00e1s\u00e1ba beleill\u0151 eszk\u00f6z<\/b>, amely f\u00e9mb\u0151l k\u00e9sz\u00fcl. Z\u00e1rat nyit\u00f3 \u00e9s csuk\u00f3 eszk\u00f6z, amelynek egyik v\u00e9ge egyedi alak\u00fa, \u00edgy alkalmas a z\u00e1r nyelv\u00e9nek mozd\u00edt\u00e1s\u00e1ra.<\/p>\n<p><i>A\u00a0<b>kulcs<\/b>\u00a0nyelve beleillik a z\u00e1rba. A\u00a0<b>kulcs<\/b>ot le kell m\u00e1soltatni a kulcsm\u00e1sol\u00f3n\u00e1l.<\/i><\/p>\n<p><b>2.<\/b>\u00a0<b>M\u0171k\u00f6dtet\u0151 eszk\u00f6z<\/b>, amely ilyen (1) alak\u00fa. A kulccsal egy szerkezet rug\u00f3ja, mozgat\u00f3 alkatr\u00e9sze h\u00fazhat\u00f3 fel.<\/p>\n<p><i>A j\u00e1t\u00e9k rug\u00f3ja egy\u00a0<b>kulccsal<\/b>\u00a0h\u00fazhat\u00f3 fel. A fali\u00f3ra\u00a0<b>kulcs<\/b>a felh\u00fazza az \u00f3r\u00e1t mozgat\u00f3 rug\u00f3t.<\/i><br \/>\n<b>3.<\/b>\u00a0<i>M\u0171szaki<\/i>:\u00a0<b>K\u00e9ziszersz\u00e1m<\/b>; csavarfej-m\u00e9ret\u0171 \u00e9s alak\u00fa eszk\u00f6z csavarok \u00e9s csavarany\u00e1k megh\u00faz\u00e1s\u00e1ra vagy meglaz\u00edt\u00e1s\u00e1ra.<\/p>\n<p><i>A\u00a0<b>kulcs<\/b>ok m\u00e9ret szerint sz\u00e1mozva vannak. A szerel\u0151 a t\u00edzes\u00a0<b>kulcs<\/b>ot veszi a kez\u00e9be.<\/i><\/p>\n<p><b>4.<\/b>\u00a0<i>Zene<\/i>:\u00a0<b>Hangol\u00f3 csavar<\/b>; h\u00faros hangszer h\u00farjainak kifesz\u00edt\u00e9s\u00e9re, hangol\u00e1s\u00e1ra szolg\u00e1l\u00f3 csavar\u00f3 eszk\u00f6z.<\/p>\n<p><i>A zen\u00e9sz \u00e1ll\u00edt a citera\u00a0<b>kulcs<\/b>ain. A zongorahangol\u00f3 a zongora\u00a0<b>kulcs<\/b>ait \u00e1ll\u00edtja be.<\/i><br \/>\n<b>5.<\/b>\u00a0<i>Zene<\/i>:\u00a0<b>Hangol\u00f3 fak\u00fap<\/b>, amely egy heged\u0171 vagy m\u00e1s hasonl\u00f3 h\u00faros, von\u00f3s hangszer h\u00farjainak kifesz\u00edt\u00e9s\u00e9re szolg\u00e1l, \u00e9s a hangszer nyak\u00e1n\u00e1l tal\u00e1lhat\u00f3.<\/p>\n<p><i>A heged\u0171m\u0171v\u00e9sz h\u00faz egy picit a\u00a0<b>kulcs<\/b>okon a fell\u00e9p\u00e9s el\u0151tt. A zen\u00e9sz von\u00f3j\u00e1val pr\u00f3b\u00e1lgatja a<b>kulccsal<\/b>\u00a0megh\u00fazott h\u00far hangz\u00e1s\u00e1t.<\/i><\/p>\n<p><b>6.<\/b>\u00a0<i>\u00c1tvitt \u00e9rtelemben<\/i>:\u00a0<b>Fontos hely<\/b>; egy f\u00f6ldrajzi pont, hely, helys\u00e9g, p\u00e9ld\u00e1ul: hegytet\u0151, v\u00e1r, v\u00e1ros, amelynek birtokl\u00e1sa egy nagyobb ter\u00fclet, vid\u00e9k elfoglal\u00e1s\u00e1t, megh\u00f3d\u00edt\u00e1s\u00e1t, ellen\u0151rz\u00e9s\u00e9t teszi lehet\u0151v\u00e9.<\/p>\n<p><i>A meredek hegyen \u00e9p\u00fclt v\u00e1rat tartj\u00e1k a k\u00f6rny\u00e9k\u00a0<b>kulcs<\/b>\u00e1nak. Az orsz\u00e1g\u00a0<b>kulcs<\/b>a a f\u0151v\u00e1ros.<\/i><br \/>\n<b>7.<\/b>\u00a0<i>\u00c1tvitt \u00e9rtelemben<\/i>:\u00a0<b>Megold\u00f3 eszk\u00f6z<\/b>; titkos \u00edr\u00e1s megold\u00e1s\u00e1ra, megfejt\u00e9s\u00e9re szolg\u00e1l\u00f3 utas\u00edt\u00e1s, \u00e1bra vagy k\u00e9plet.<\/p>\n<p><i>A k\u00e9m t\u00f6bbf\u00e9le\u00a0<b>kulcs<\/b>ot is haszn\u00e1l \u00fczeneteiben. Az egyik\u00a0<b>kulcs<\/b>\u00a0a Bibli\u00e1val kapcsolatos.<\/i><\/p>\n<p><b>8.<\/b>\u00a0<i>\u00c1tvitt \u00e9rtelemben<\/i>: Egy\u00a0<b>dolog nyitja<\/b>; egy olyan t\u00e9ny, k\u00f6r\u00fclm\u00e9ny, amely megfejt, megmagyar\u00e1z, nyilv\u00e1nval\u00f3v\u00e1 tesz egy \u00e1llapotot, dolgot, jelens\u00e9get, helyzetet, k\u00f6r\u00fclm\u00e9nyt, illetve olyan m\u00f3d, lehet\u0151s\u00e9g, amely r\u00e9v\u00e9n egy helyzetet meg lehet oldani.<\/p>\n<p><i>A helyzet\u00a0<b>kulcs<\/b>a a gyors cselekv\u00e9s. A tan\u00e1r tapasztalatb\u00f3l ismeri a j\u00f3 oktat\u00e1s\u00a0<b>kulcs<\/b>\u00e1t.<\/i><\/p>\n<p><b>9.<\/b>\u00a0<i>\u00c1tvitt \u00e9rtelemben, iskolai<\/i>:\u00a0<b>K\u00e9sz megold\u00e1s<\/b>, ami egy teszt, feladat helyes v\u00e1laszait tartalmazza.<\/p>\n<p><i>A tan\u00e1r ismeri a dolgozatban feladott tesztk\u00e9rd\u00e9sek\u00a0<b>kulcs<\/b>\u00e1t. A tan\u00e1r vigy\u00e1z arra, hogy a tanul\u00f3k ne tudj\u00e1k meg a\u00a0<b>kulcs<\/b>ot a teszt\u00edr\u00e1s el\u0151tt. A nyelvk\u00f6nyv v\u00e9g\u00e9n van a gyakorl\u00f3 feladatok\u00a0<b>kulcsa<\/b>, \u00edgy a tanul\u00f3 le tudja ellen\u0151rizni v\u00e1laszainak helyess\u00e9g\u00e9t.<\/i><\/p>\n<p><b>10.<\/b>\u00a0<i>\u00c1tvitt \u00e9rtelemben, hivatalos<\/i>:\u00a0<b>Sz\u00e1m\u00edt\u00e1si t\u00e1bl\u00e1zat<\/b>; egy fizet\u00e9si, szolg\u00e1ltat\u00e1si k\u00f6telezetts\u00e9g, d\u00edj m\u00e9rt\u00e9k\u00e9nek, nagys\u00e1g\u00e1nak vagy egy juttat\u00e1s eloszt\u00e1si ar\u00e1ny\u00e1nak meg\u00e1llap\u00edt\u00e1sakor alkalmazott sz\u00e1m\u00edt\u00e1si alap, illetve ezt az alapot felt\u00fcntet\u0151 t\u00e1bl\u00e1zat.<\/p>\n<p><i>A fizet\u00e9sek kisz\u00e1m\u00edt\u00e1s\u00e1n\u00e1l figyelembe veszik szolg\u00e1lati id\u0151 szerinti\u00a0<b>kulcs<\/b>ot. A\u00a0<b>kulcs<\/b>ot a b\u00e9rsz\u00e1mfejt\u0151 programba is be\u00e9p\u00edtett\u00e9k.<\/i><\/p>\n<p><b>11.<\/b>\u00a0<i>\u00c1tvitt \u00e9rtelemben, zene<\/i>:\u00a0<b>El\u0151\u00edr\u00f3 jel<\/b>, amely a hangjegyek olvas\u00e1sm\u00f3dj\u00e1t, magass\u00e1gi \u00e9rt\u00e9k\u00e9t hat\u00e1rozza meg a kott\u00e1ban tal\u00e1lhat\u00f3 vonalrendszer elej\u00e9n.<\/p>\n<p><i>A kotta elej\u00e9n egy kacskaring\u00f3s\u00a0<b>kulcs<\/b>\u00a0l\u00e1that\u00f3. A zen\u00e9sz a\u00a0<b>kulcs<\/b>nak megfelel\u0151en sz\u00f3laltatja meg a dallamot.(Forr\u00e1s Wikip\u00e9dia)<\/i><\/p>\n","protected":false},"excerpt":{"rendered":"<p>Kulcs Egy\u00a0z\u00e1rat nyit\u00f3 eszk\u00f6z. A csal\u00e1d minden tagja kap egy\u00a0kulcsot a lak\u00e1shoz. A\u00a0kulcsot k\u00e9tszer kell elford\u00edtani ahhoz, hogy kiny\u00edljon az ajt\u00f3. A kis l\u00e1dika\u00a0kulcsa\u00a0a fi\u00f3kban van bez\u00e1rva. Eredet\u00a0[kulcs\u00a0&lt;\u00a0\u00f3magyar:\u00a0kulcs\u00a0&lt;\u00a0\u0151smagyar:\u00a0k\u00f3lcs, kalincs\u00a0(kulcs, kilincs) &lt;\u00a0dravida:\u00a0kilittu\u00a0(kulcsol &lt; rug\u00f3t \u00f6sszenyom) &lt;\u00a0kilu\u00a0(rug\u00f3)] Tov\u00e1bbi r\u00e9szletez\u00e9s 1.\u00a0Z\u00e1r ny\u00edl\u00e1s\u00e1ba beleill\u0151 eszk\u00f6z, amely f\u00e9mb\u0151l k\u00e9sz\u00fcl. Z\u00e1rat nyit\u00f3 \u00e9s csuk\u00f3 eszk\u00f6z, amelynek egyik v\u00e9ge egyedi alak\u00fa, \u00edgy [&hellip;]<\/p>\n","protected":false},"author":2,"featured_media":0,"parent":0,"menu_order":0,"comment_status":"open","ping_status":"closed","template":"","meta":{"footnotes":""},"class_list":["post-811","page","type-page","status-publish","hentry"],"_links":{"self":[{"href":"https:\/\/duplakovacs.hu\/index.php?rest_route=\/wp\/v2\/pages\/811","targetHints":{"allow":["GET"]}}],"collection":[{"href":"https:\/\/duplakovacs.hu\/index.php?rest_route=\/wp\/v2\/pages"}],"about":[{"href":"https:\/\/duplakovacs.hu\/index.php?rest_route=\/wp\/v2\/types\/page"}],"author":[{"embeddable":true,"href":"https:\/\/duplakovacs.hu\/index.php?rest_route=\/wp\/v2\/users\/2"}],"replies":[{"embeddable":true,"href":"https:\/\/duplakovacs.hu\/index.php?rest_route=%2Fwp%2Fv2%2Fcomments&post=811"}],"version-history":[{"count":7,"href":"https:\/\/duplakovacs.hu\/index.php?rest_route=\/wp\/v2\/pages\/811\/revisions"}],"predecessor-version":[{"id":1222,"href":"https:\/\/duplakovacs.hu\/index.php?rest_route=\/wp\/v2\/pages\/811\/revisions\/1222"}],"wp:attachment":[{"href":"https:\/\/duplakovacs.hu\/index.php?rest_route=%2Fwp%2Fv2%2Fmedia&parent=811"}],"curies":[{"name":"wp","href":"https:\/\/api.w.org\/{rel}","templated":true}]}}