{"id":795,"date":"2013-10-24T22:44:46","date_gmt":"2013-10-24T22:44:46","guid":{"rendered":"https:\/\/duplakovacs.hu\/?page_id=795"},"modified":"2022-08-08T11:00:21","modified_gmt":"2022-08-08T11:00:21","slug":"kapuk","status":"publish","type":"page","link":"https:\/\/duplakovacs.hu\/?page_id=795","title":{"rendered":"Kapuk"},"content":{"rendered":"<p style=\"text-align: justify;\">A kapu nyelv\u00fcnkben els\u0151sorban kocsibej\u00e1r\u00f3t jelent, teh\u00e1t nagyobb m\u00e9ret\u0171 ajt\u00f3t, melyen kocsik, g\u00e9pj\u00e1rm\u0171vek j\u00e1rnak kereszt\u00fcl. Van gazdas\u00e1gi udvarok \u00e9s lak\u00f3h\u00e1zak udvarainak elz\u00e1r\u00e1s\u00e1ra szolg\u00e1l\u00f3 kapu, azonk\u00edv\u00fcl f\u0151- \u00e9s mell\u00e9kkapu.A gazdas\u00e1gi udvarokhoz szolg\u00e1l\u00f3 kapuk rendszerint ker\u00edt\u00e9sbe illeszkednek \u00e9s fagerend\u00e1kb\u00f3l vagy f\u00e9mb\u0151l k\u00e9sz\u00fclt v\u00e1zon meger\u0151s\u00edtett l\u00e9cekb\u0151l, deszk\u00e1kb\u00f3l, vagy f\u00e9mlemezb\u0151l k\u00e9sz\u00fclnek. A lak\u00f3h\u00e1zak kapui rendesen r\u00e1mam\u0171b\u0151l \u00e1ll\u00f3ak, a h\u00e1z fal\u00e1ba vannak beillesztve \u00e9s a nekik sz\u00e1nt falny\u00edl\u00e1st teljesen kit\u00f6ltik. Hol egy, hol k\u00e9t, s\u0151t n\u00e9ha h\u00e1romsz\u00e1rny\u00faak, melyek k\u00f6z\u00fcl azonban a szem\u00e9lyk\u00f6zleked\u00e9sre csak egyik sz\u00e1rny vagy egy abba illesztett kisebb ajt\u00f3 a kapufia (fi\u00f3kkapu) van beillesztve. T\u00e1gabb \u00e9rtelemben az eml\u00e9kszer\u0171 \u00e9p\u00fcletnek f\u0151bej\u00e1r\u00f3it szint\u00e9n kapunak h\u00edvjuk, ha azokon esetleg kocsival nem is j\u00e1runk \u00e1t. K\u00e9nyelmes k\u00f6zleked\u00e9st biztos\u00edt\u00f3 kapuknak legal\u00e1bb 2,50 m\u00e9ter sz\u00e9lesnek \u00e9s 2,80 m magasnak kell lennie; akloknak, pajt\u00e1knak, sz\u00edneknek, stb. kapui azonban 4,00, s\u0151t t\u00f6bb m\u00e9ter sz\u00e9lesek is \u00e9s megfelel\u0151en magasak, m\u00edg a v\u00e1raknak, eml\u00e9kszer\u0171 \u00e9p\u00fcleteknek kapui az \u00e9p\u00fclet architekt\u00far\u00e1j\u00e1t\u00f3l f\u00fcgg\u0151en, m\u00e9g enn\u00e9l sokkal nagyobb m\u00e9ret\u0171ek is lehetnek, \u00edrja a Pallas nagy lexikona.<\/p>\n<p style=\"text-align: justify;\"><span style=\"text-align: justify;\">Bemutat\u00f3k\u00e9nt, n\u00e9h\u00e1ny \u00e1ltalunk k\u00e9sz\u00edtett kapu:<\/span><\/p>\n\n\t\t<style type=\"text\/css\">\n\t\t\t#gallery-1 {\n\t\t\t\tmargin: auto;\n\t\t\t}\n\t\t\t#gallery-1 .gallery-item {\n\t\t\t\tfloat: left;\n\t\t\t\tmargin-top: 10px;\n\t\t\t\ttext-align: center;\n\t\t\t\twidth: 33%;\n\t\t\t}\n\t\t\t#gallery-1 img {\n\t\t\t\tborder: 2px solid #cfcfcf;\n\t\t\t}\n\t\t\t#gallery-1 .gallery-caption {\n\t\t\t\tmargin-left: 0;\n\t\t\t}\n\t\t\t\/* see gallery_shortcode() in wp-includes\/media.php *\/\n\t\t<\/style>\n\t\t<div id='gallery-1' class='gallery galleryid-795 gallery-columns-3 gallery-size-large'><dl class='gallery-item'>\n\t\t\t<dt class='gallery-icon portrait'>\n\t\t\t\t<a href='https:\/\/duplakovacs.hu\/?attachment_id=1245'><img loading=\"lazy\" decoding=\"async\" width=\"625\" height=\"844\" src=\"https:\/\/duplakovacs.hu\/wp-content\/uploads\/2013\/10\/K\u00e9p055-758x1024.jpg\" class=\"attachment-large size-large\" alt=\"\" aria-describedby=\"gallery-1-1245\" srcset=\"https:\/\/duplakovacs.hu\/wp-content\/uploads\/2013\/10\/K\u00e9p055-758x1024.jpg 758w, https:\/\/duplakovacs.hu\/wp-content\/uploads\/2013\/10\/K\u00e9p055-222x300.jpg 222w, https:\/\/duplakovacs.hu\/wp-content\/uploads\/2013\/10\/K\u00e9p055-e1391008480632.jpg 350w\" sizes=\"auto, (max-width: 625px) 100vw, 625px\" \/><\/a>\n\t\t\t<\/dt>\n\t\t\t\t<dd class='wp-caption-text gallery-caption' id='gallery-1-1245'>\n\t\t\t\tBorospince kov\u00e1csolt r\u00e1csajt\u00f3\n\t\t\t\t<\/dd><\/dl><dl class='gallery-item'>\n\t\t\t<dt class='gallery-icon portrait'>\n\t\t\t\t<a href='https:\/\/duplakovacs.hu\/?attachment_id=1192'><img loading=\"lazy\" decoding=\"async\" width=\"322\" height=\"548\" src=\"https:\/\/duplakovacs.hu\/wp-content\/uploads\/2013\/10\/IMG_0263.jpg\" class=\"attachment-large size-large\" alt=\"\" aria-describedby=\"gallery-1-1192\" srcset=\"https:\/\/duplakovacs.hu\/wp-content\/uploads\/2013\/10\/IMG_0263.jpg 322w, https:\/\/duplakovacs.hu\/wp-content\/uploads\/2013\/10\/IMG_0263-176x300.jpg 176w\" sizes=\"auto, (max-width: 322px) 100vw, 322px\" \/><\/a>\n\t\t\t<\/dt>\n\t\t\t\t<dd class='wp-caption-text gallery-caption' id='gallery-1-1192'>\n\t\t\t\tKov\u00e1csolt kiskapu\n\t\t\t\t<\/dd><\/dl><dl class='gallery-item'>\n\t\t\t<dt class='gallery-icon portrait'>\n\t\t\t\t<a href='https:\/\/duplakovacs.hu\/?attachment_id=1190'><img loading=\"lazy\" decoding=\"async\" width=\"383\" height=\"624\" src=\"https:\/\/duplakovacs.hu\/wp-content\/uploads\/2013\/10\/Kazett\u00e9s-kiskapu.jpg\" class=\"attachment-large size-large\" alt=\"\" aria-describedby=\"gallery-1-1190\" srcset=\"https:\/\/duplakovacs.hu\/wp-content\/uploads\/2013\/10\/Kazett\u00e9s-kiskapu.jpg 383w, https:\/\/duplakovacs.hu\/wp-content\/uploads\/2013\/10\/Kazett\u00e9s-kiskapu-184x300.jpg 184w\" sizes=\"auto, (max-width: 383px) 100vw, 383px\" \/><\/a>\n\t\t\t<\/dt>\n\t\t\t\t<dd class='wp-caption-text gallery-caption' id='gallery-1-1190'>\n\t\t\t\tFel\u00fclvil\u00e1g\u00edt\u00f3s kazett\u00e1s kiskapu\n\t\t\t\t<\/dd><\/dl><br style=\"clear: both\" \/><dl class='gallery-item'>\n\t\t\t<dt class='gallery-icon landscape'>\n\t\t\t\t<a href='https:\/\/duplakovacs.hu\/?attachment_id=1249'><img loading=\"lazy\" decoding=\"async\" width=\"585\" height=\"509\" src=\"https:\/\/duplakovacs.hu\/wp-content\/uploads\/2013\/10\/IMG_0202.jpg\" class=\"attachment-large size-large\" alt=\"\" aria-describedby=\"gallery-1-1249\" srcset=\"https:\/\/duplakovacs.hu\/wp-content\/uploads\/2013\/10\/IMG_0202.jpg 585w, https:\/\/duplakovacs.hu\/wp-content\/uploads\/2013\/10\/IMG_0202-300x261.jpg 300w\" sizes=\"auto, (max-width: 585px) 100vw, 585px\" \/><\/a>\n\t\t\t<\/dt>\n\t\t\t\t<dd class='wp-caption-text gallery-caption' id='gallery-1-1249'>\n\t\t\t\tFodr\u00e1szat bej\u00e1rata, szer\u00e9nyen kov\u00e1csolt k\u00e9tsz\u00e1rny\u00fa kapuja\n\t\t\t\t<\/dd><\/dl><dl class='gallery-item'>\n\t\t\t<dt class='gallery-icon landscape'>\n\t\t\t\t<a href='https:\/\/duplakovacs.hu\/?attachment_id=827'><img loading=\"lazy\" decoding=\"async\" width=\"625\" height=\"394\" src=\"https:\/\/duplakovacs.hu\/wp-content\/uploads\/2013\/10\/IMG_0205-1024x646.jpg\" class=\"attachment-large size-large\" alt=\"Kazett\u00e1s szegecsel tol\u00f3kapu\" aria-describedby=\"gallery-1-827\" srcset=\"https:\/\/duplakovacs.hu\/wp-content\/uploads\/2013\/10\/IMG_0205-1024x646.jpg 1024w, https:\/\/duplakovacs.hu\/wp-content\/uploads\/2013\/10\/IMG_0205-300x189.jpg 300w, https:\/\/duplakovacs.hu\/wp-content\/uploads\/2013\/10\/IMG_0205-e1391012746516.jpg 350w\" sizes=\"auto, (max-width: 625px) 100vw, 625px\" \/><\/a>\n\t\t\t<\/dt>\n\t\t\t\t<dd class='wp-caption-text gallery-caption' id='gallery-1-827'>\n\t\t\t\tKazett\u00e1s tol\u00f3okapu\n\t\t\t\t<\/dd><\/dl><dl class='gallery-item'>\n\t\t\t<dt class='gallery-icon landscape'>\n\t\t\t\t<a href='https:\/\/duplakovacs.hu\/?attachment_id=1246'><img loading=\"lazy\" decoding=\"async\" width=\"625\" height=\"401\" src=\"https:\/\/duplakovacs.hu\/wp-content\/uploads\/2013\/10\/IMG_0081.jpg\" class=\"attachment-large size-large\" alt=\"\" aria-describedby=\"gallery-1-1246\" srcset=\"https:\/\/duplakovacs.hu\/wp-content\/uploads\/2013\/10\/IMG_0081.jpg 908w, https:\/\/duplakovacs.hu\/wp-content\/uploads\/2013\/10\/IMG_0081-300x192.jpg 300w\" sizes=\"auto, (max-width: 625px) 100vw, 625px\" \/><\/a>\n\t\t\t<\/dt>\n\t\t\t\t<dd class='wp-caption-text gallery-caption' id='gallery-1-1246'>\n\t\t\t\tBelv\u00e1rosi Szt Anna templom oldalkapui\n\t\t\t\t<\/dd><\/dl><br style=\"clear: both\" \/><dl class='gallery-item'>\n\t\t\t<dt class='gallery-icon portrait'>\n\t\t\t\t<a href='https:\/\/duplakovacs.hu\/?attachment_id=1191'><img loading=\"lazy\" decoding=\"async\" width=\"460\" height=\"640\" src=\"https:\/\/duplakovacs.hu\/wp-content\/uploads\/2013\/10\/iphonehanna-288.jpg\" class=\"attachment-large size-large\" alt=\"\" aria-describedby=\"gallery-1-1191\" srcset=\"https:\/\/duplakovacs.hu\/wp-content\/uploads\/2013\/10\/iphonehanna-288.jpg 460w, https:\/\/duplakovacs.hu\/wp-content\/uploads\/2013\/10\/iphonehanna-288-215x300.jpg 215w\" sizes=\"auto, (max-width: 460px) 100vw, 460px\" \/><\/a>\n\t\t\t<\/dt>\n\t\t\t\t<dd class='wp-caption-text gallery-caption' id='gallery-1-1191'>\n\t\t\t\tKov\u00e1csolt k\u0151keretes kiskapu\n\t\t\t\t<\/dd><\/dl><dl class='gallery-item'>\n\t\t\t<dt class='gallery-icon landscape'>\n\t\t\t\t<a href='https:\/\/duplakovacs.hu\/?attachment_id=1248'><img loading=\"lazy\" decoding=\"async\" width=\"625\" height=\"536\" src=\"https:\/\/duplakovacs.hu\/wp-content\/uploads\/2013\/10\/IMG_0197.jpg\" class=\"attachment-large size-large\" alt=\"\" aria-describedby=\"gallery-1-1248\" srcset=\"https:\/\/duplakovacs.hu\/wp-content\/uploads\/2013\/10\/IMG_0197.jpg 732w, https:\/\/duplakovacs.hu\/wp-content\/uploads\/2013\/10\/IMG_0197-300x257.jpg 300w\" sizes=\"auto, (max-width: 625px) 100vw, 625px\" \/><\/a>\n\t\t\t<\/dt>\n\t\t\t\t<dd class='wp-caption-text gallery-caption' id='gallery-1-1248'>\n\t\t\t\tEgyer\u00fa, oszt\u00e1sos k\u00e9tfel\u00e9 elt\u00f3lhat\u00f3 vaskapu\n\t\t\t\t<\/dd><\/dl><dl class='gallery-item'>\n\t\t\t<dt class='gallery-icon portrait'>\n\t\t\t\t<a href='https:\/\/duplakovacs.hu\/?attachment_id=1242'><img loading=\"lazy\" decoding=\"async\" width=\"439\" height=\"920\" src=\"https:\/\/duplakovacs.hu\/wp-content\/uploads\/2013\/10\/Kiskapu900x420.jpg\" class=\"attachment-large size-large\" alt=\"\" aria-describedby=\"gallery-1-1242\" srcset=\"https:\/\/duplakovacs.hu\/wp-content\/uploads\/2013\/10\/Kiskapu900x420.jpg 439w, https:\/\/duplakovacs.hu\/wp-content\/uploads\/2013\/10\/Kiskapu900x420-143x300.jpg 143w\" sizes=\"auto, (max-width: 439px) 100vw, 439px\" \/><\/a>\n\t\t\t<\/dt>\n\t\t\t\t<dd class='wp-caption-text gallery-caption' id='gallery-1-1242'>\n\t\t\t\t  Kov\u00e1csolt kiskapu kutyusokkal\n\t\t\t\t<\/dd><\/dl><br style=\"clear: both\" \/><dl class='gallery-item'>\n\t\t\t<dt class='gallery-icon landscape'>\n\t\t\t\t<a href='https:\/\/duplakovacs.hu\/?attachment_id=841'><img loading=\"lazy\" decoding=\"async\" width=\"573\" height=\"446\" src=\"https:\/\/duplakovacs.hu\/wp-content\/uploads\/2013\/10\/IMAG0627.jpg\" class=\"attachment-large size-large\" alt=\"\" aria-describedby=\"gallery-1-841\" srcset=\"https:\/\/duplakovacs.hu\/wp-content\/uploads\/2013\/10\/IMAG0627.jpg 573w, https:\/\/duplakovacs.hu\/wp-content\/uploads\/2013\/10\/IMAG0627-300x233.jpg 300w\" sizes=\"auto, (max-width: 573px) 100vw, 573px\" \/><\/a>\n\t\t\t<\/dt>\n\t\t\t\t<dd class='wp-caption-text gallery-caption' id='gallery-1-841'>\n\t\t\t\tCsal\u00e1di h\u00e1z k\u00e9tsz\u00e1rny\u00fa kov\u00e1csoltvas kapuja\n\t\t\t\t<\/dd><\/dl><dl class='gallery-item'>\n\t\t\t<dt class='gallery-icon landscape'>\n\t\t\t\t<a href='https:\/\/duplakovacs.hu\/?attachment_id=1017'><img loading=\"lazy\" decoding=\"async\" width=\"625\" height=\"370\" src=\"https:\/\/duplakovacs.hu\/wp-content\/uploads\/2013\/11\/Szort\u00edr2-0811-1024x606.jpg\" class=\"attachment-large size-large\" alt=\"\" aria-describedby=\"gallery-1-1017\" srcset=\"https:\/\/duplakovacs.hu\/wp-content\/uploads\/2013\/11\/Szort\u00edr2-0811-1024x606.jpg 1024w, https:\/\/duplakovacs.hu\/wp-content\/uploads\/2013\/11\/Szort\u00edr2-0811-300x177.jpg 300w, https:\/\/duplakovacs.hu\/wp-content\/uploads\/2013\/11\/Szort\u00edr2-0811-e1391012445784.jpg 350w\" sizes=\"auto, (max-width: 625px) 100vw, 625px\" \/><\/a>\n\t\t\t<\/dt>\n\t\t\t\t<dd class='wp-caption-text gallery-caption' id='gallery-1-1017'>\n\t\t\t\tD\u00edszes k\u00e9tsz\u00e1rny\u00fa kapu\n\t\t\t\t<\/dd><\/dl><dl class='gallery-item'>\n\t\t\t<dt class='gallery-icon landscape'>\n\t\t\t\t<a href='https:\/\/duplakovacs.hu\/?attachment_id=1026'><img loading=\"lazy\" decoding=\"async\" width=\"625\" height=\"416\" src=\"https:\/\/duplakovacs.hu\/wp-content\/uploads\/2013\/11\/kapuk003.jpg\" class=\"attachment-large size-large\" alt=\"\" aria-describedby=\"gallery-1-1026\" srcset=\"https:\/\/duplakovacs.hu\/wp-content\/uploads\/2013\/11\/kapuk003.jpg 875w, https:\/\/duplakovacs.hu\/wp-content\/uploads\/2013\/11\/kapuk003-300x199.jpg 300w, https:\/\/duplakovacs.hu\/wp-content\/uploads\/2013\/11\/kapuk003-140x94.jpg 140w\" sizes=\"auto, (max-width: 625px) 100vw, 625px\" \/><\/a>\n\t\t\t<\/dt>\n\t\t\t\t<dd class='wp-caption-text gallery-caption' id='gallery-1-1026'>\n\t\t\t\tSzt. Fl\u00f3ri\u00e1n Gal\u00e9ria \u00fczleth\u00e1z kov\u00e1csolt keretes c\u00e9gt\u00e1bla, kov\u00e1csolt  bet\u0171kkel.\n\t\t\t\t<\/dd><\/dl><br style=\"clear: both\" \/><dl class='gallery-item'>\n\t\t\t<dt class='gallery-icon landscape'>\n\t\t\t\t<a href='https:\/\/duplakovacs.hu\/?attachment_id=1019'><img loading=\"lazy\" decoding=\"async\" width=\"625\" height=\"547\" src=\"https:\/\/duplakovacs.hu\/wp-content\/uploads\/2013\/11\/Piszkozat-147-1024x897.jpg\" class=\"attachment-large size-large\" alt=\"\" aria-describedby=\"gallery-1-1019\" srcset=\"https:\/\/duplakovacs.hu\/wp-content\/uploads\/2013\/11\/Piszkozat-147-1024x897.jpg 1024w, https:\/\/duplakovacs.hu\/wp-content\/uploads\/2013\/11\/Piszkozat-147-300x262.jpg 300w, https:\/\/duplakovacs.hu\/wp-content\/uploads\/2013\/11\/Piszkozat-147-e1391006177845.jpg 189w\" sizes=\"auto, (max-width: 625px) 100vw, 625px\" \/><\/a>\n\t\t\t<\/dt>\n\t\t\t\t<dd class='wp-caption-text gallery-caption' id='gallery-1-1019'>\n\t\t\t\tPolg\u00e1rmesteri Hivatal oldalbej\u00e1rata\n\t\t\t\t<\/dd><\/dl><dl class='gallery-item'>\n\t\t\t<dt class='gallery-icon landscape'>\n\t\t\t\t<a href='https:\/\/duplakovacs.hu\/?attachment_id=1021'><img loading=\"lazy\" decoding=\"async\" width=\"625\" height=\"469\" src=\"https:\/\/duplakovacs.hu\/wp-content\/uploads\/2013\/11\/Erzs\u00e9bet-010-1024x768.jpg\" class=\"attachment-large size-large\" alt=\"\" aria-describedby=\"gallery-1-1021\" srcset=\"https:\/\/duplakovacs.hu\/wp-content\/uploads\/2013\/11\/Erzs\u00e9bet-010-1024x768.jpg 1024w, https:\/\/duplakovacs.hu\/wp-content\/uploads\/2013\/11\/Erzs\u00e9bet-010-300x225.jpg 300w, https:\/\/duplakovacs.hu\/wp-content\/uploads\/2013\/11\/Erzs\u00e9bet-010.jpg 1600w\" sizes=\"auto, (max-width: 625px) 100vw, 625px\" \/><\/a>\n\t\t\t<\/dt>\n\t\t\t\t<dd class='wp-caption-text gallery-caption' id='gallery-1-1021'>\n\t\t\t\tFl\u00f3ri\u00e1n \u00fczleth\u00e1z f\u0151bej\u00e1rata\n\t\t\t\t<\/dd><\/dl><dl class='gallery-item'>\n\t\t\t<dt class='gallery-icon landscape'>\n\t\t\t\t<a href='https:\/\/duplakovacs.hu\/?attachment_id=1240'><img loading=\"lazy\" decoding=\"async\" width=\"300\" height=\"167\" src=\"https:\/\/duplakovacs.hu\/wp-content\/uploads\/2013\/10\/Kov\u00e1csolt-kapu-800x450-e1391012496695.jpg\" class=\"attachment-large size-large\" alt=\"\" aria-describedby=\"gallery-1-1240\" \/><\/a>\n\t\t\t<\/dt>\n\t\t\t\t<dd class='wp-caption-text gallery-caption' id='gallery-1-1240'>\n\t\t\t\tKov\u00e1csolt k\u00e9tsz\u00e1ny\u00fa nagykapu\n\t\t\t\t<\/dd><\/dl><br style=\"clear: both\" \/>\n\t\t<\/div>\n\n","protected":false},"excerpt":{"rendered":"<p>A kapu nyelv\u00fcnkben els\u0151sorban kocsibej\u00e1r\u00f3t jelent, teh\u00e1t nagyobb m\u00e9ret\u0171 ajt\u00f3t, melyen kocsik, g\u00e9pj\u00e1rm\u0171vek j\u00e1rnak kereszt\u00fcl. Van gazdas\u00e1gi udvarok \u00e9s lak\u00f3h\u00e1zak udvarainak elz\u00e1r\u00e1s\u00e1ra szolg\u00e1l\u00f3 kapu, azonk\u00edv\u00fcl f\u0151- \u00e9s mell\u00e9kkapu.A gazdas\u00e1gi udvarokhoz szolg\u00e1l\u00f3 kapuk rendszerint ker\u00edt\u00e9sbe illeszkednek \u00e9s fagerend\u00e1kb\u00f3l vagy f\u00e9mb\u0151l k\u00e9sz\u00fclt v\u00e1zon meger\u0151s\u00edtett l\u00e9cekb\u0151l, deszk\u00e1kb\u00f3l, vagy f\u00e9mlemezb\u0151l k\u00e9sz\u00fclnek. A lak\u00f3h\u00e1zak kapui rendesen r\u00e1mam\u0171b\u0151l \u00e1ll\u00f3ak, a h\u00e1z [&hellip;]<\/p>\n","protected":false},"author":2,"featured_media":0,"parent":668,"menu_order":2,"comment_status":"open","ping_status":"closed","template":"","meta":{"footnotes":""},"class_list":["post-795","page","type-page","status-publish","hentry"],"_links":{"self":[{"href":"https:\/\/duplakovacs.hu\/index.php?rest_route=\/wp\/v2\/pages\/795","targetHints":{"allow":["GET"]}}],"collection":[{"href":"https:\/\/duplakovacs.hu\/index.php?rest_route=\/wp\/v2\/pages"}],"about":[{"href":"https:\/\/duplakovacs.hu\/index.php?rest_route=\/wp\/v2\/types\/page"}],"author":[{"embeddable":true,"href":"https:\/\/duplakovacs.hu\/index.php?rest_route=\/wp\/v2\/users\/2"}],"replies":[{"embeddable":true,"href":"https:\/\/duplakovacs.hu\/index.php?rest_route=%2Fwp%2Fv2%2Fcomments&post=795"}],"version-history":[{"count":9,"href":"https:\/\/duplakovacs.hu\/index.php?rest_route=\/wp\/v2\/pages\/795\/revisions"}],"predecessor-version":[{"id":1738,"href":"https:\/\/duplakovacs.hu\/index.php?rest_route=\/wp\/v2\/pages\/795\/revisions\/1738"}],"up":[{"embeddable":true,"href":"https:\/\/duplakovacs.hu\/index.php?rest_route=\/wp\/v2\/pages\/668"}],"wp:attachment":[{"href":"https:\/\/duplakovacs.hu\/index.php?rest_route=%2Fwp%2Fv2%2Fmedia&parent=795"}],"curies":[{"name":"wp","href":"https:\/\/api.w.org\/{rel}","templated":true}]}}