{"id":792,"date":"2013-10-24T22:41:37","date_gmt":"2013-10-24T22:41:37","guid":{"rendered":"https:\/\/duplakovacs.hu\/?page_id=792"},"modified":"2022-08-08T10:58:12","modified_gmt":"2022-08-08T10:58:12","slug":"cegerek","status":"publish","type":"page","link":"https:\/\/duplakovacs.hu\/?page_id=792","title":{"rendered":"C\u00e9g\u00e9rek"},"content":{"rendered":"<p style=\"text-align: justify;\">A c\u00e9g\u00e9r vagy m\u00e1s n\u00e9ven c\u00e9hjelv\u00e9ny a k\u00f6z\u00e9pkorban elterjedt rekl\u00e1m- \u00e9s t\u00e1j\u00e9koztat\u00f3 eszk\u00f6z: \u00fczlet vagy m\u0171hely el\u00e9 j\u00f3l l\u00e1that\u00f3an kiakasztott t\u00e1rgy, vagy jelk\u00e9pes \u00e1br\u00e1zol\u00e1s, amely jelezte a kereskedelmi vagy ipari tev\u00e9kenys\u00e9get.P\u00e9ld\u00e1ul borb\u00e9lym\u0171hely el\u0151tt r\u00e9zt\u00e1ny\u00e9r, szab\u00f3m\u0171hely el\u0151tt oll\u00f3, teh\u00e1t az \u00e1ltal\u00e1ban haszn\u00e1lt eszk\u00f6z\u00f6k vagy kompoz\u00edci\u00f3ja, esetleg a gy\u00e1rtott term\u00e9k. \u00c9ttermek \u00e9s kocsm\u00e1k el\u0151tt a n\u00e9vad\u00f3 t\u00e1rgy (z\u00f6ld hord\u00f3, arany szarvas stb.) lehetett kinn, mely lehet\u0151v\u00e9 tette, hogy az \u00edr\u00e1studatlanok is messzir\u0151l megl\u00e1thass\u00e1k a keresett \u00fczletet, vagy iparost. A sz\u00ednes rekl\u00e1mfeliratok elterjed\u00e9s\u00e9vel haszn\u00e1lata ma m\u00e1r ink\u00e1bb csak dekor\u00e1ci\u00f3s jelleg\u0171.Neve a n\u00e9met Zeiger: mutat\u00f3 sz\u00f3b\u00f3l sz\u00e1rmazik.A jelk\u00e9p haszn\u00e1lata a nyelvben is fennmaradt, a &#8222;J\u00f3 bornak nem kell c\u00e9g\u00e9r!&#8221; sz\u00f3l\u00e1s jelent\u00e9se: h\u00edre megy, odatal\u00e1lnak a j\u00f3 bort m\u00e9r\u0151 kocsm\u00e1hoz, ha nincs is kinn a c\u00e9g\u00e9re. R\u00e9gen b\u0171n\u00f6s\u00f6k nyak\u00e1ba is akasztottak megsz\u00e9gyen\u00edt\u00e9s\u00fcl c\u00e9g\u00e9rt, azaz t\u00e1bl\u00e1t, amelyen a v\u00e9tk\u00fck volt fel\u00edrva vagy rajzosan \u00e1br\u00e1zolva (pl. a lopott j\u00f3sz\u00e1g k\u00e9pe). Innen ered a c\u00e9g\u00e9res tolvaj, c\u00e9g\u00e9res (c\u00edmeres) gazember sz\u00f3kapcsolatunk. (Forr\u00e1s: Wikipedia)<\/p>\n\n\t\t<style type=\"text\/css\">\n\t\t\t#gallery-1 {\n\t\t\t\tmargin: auto;\n\t\t\t}\n\t\t\t#gallery-1 .gallery-item {\n\t\t\t\tfloat: left;\n\t\t\t\tmargin-top: 10px;\n\t\t\t\ttext-align: center;\n\t\t\t\twidth: 33%;\n\t\t\t}\n\t\t\t#gallery-1 img {\n\t\t\t\tborder: 2px solid #cfcfcf;\n\t\t\t}\n\t\t\t#gallery-1 .gallery-caption {\n\t\t\t\tmargin-left: 0;\n\t\t\t}\n\t\t\t\/* see gallery_shortcode() in wp-includes\/media.php *\/\n\t\t<\/style>\n\t\t<div id='gallery-1' class='gallery galleryid-792 gallery-columns-3 gallery-size-large'><dl class='gallery-item'>\n\t\t\t<dt class='gallery-icon landscape'>\n\t\t\t\t<a href='https:\/\/duplakovacs.hu\/?attachment_id=1138'><img loading=\"lazy\" decoding=\"async\" width=\"512\" height=\"346\" src=\"https:\/\/duplakovacs.hu\/wp-content\/uploads\/2010\/09\/admin-ajax-1.jpg\" class=\"attachment-large size-large\" alt=\"\" aria-describedby=\"gallery-1-1138\" srcset=\"https:\/\/duplakovacs.hu\/wp-content\/uploads\/2010\/09\/admin-ajax-1.jpg 512w, https:\/\/duplakovacs.hu\/wp-content\/uploads\/2010\/09\/admin-ajax-1-300x202.jpg 300w, https:\/\/duplakovacs.hu\/wp-content\/uploads\/2010\/09\/admin-ajax-1-140x94.jpg 140w\" sizes=\"auto, (max-width: 512px) 100vw, 512px\" \/><\/a>\n\t\t\t<\/dt>\n\t\t\t\t<dd class='wp-caption-text gallery-caption' id='gallery-1-1138'>\n\t\t\t\tSaj\u00e1t monogrmmos kulcsc\u00e9g\u00e9r \n\t\t\t\t<\/dd><\/dl><dl class='gallery-item'>\n\t\t\t<dt class='gallery-icon portrait'>\n\t\t\t\t<a href='https:\/\/duplakovacs.hu\/?attachment_id=899'><img loading=\"lazy\" decoding=\"async\" width=\"592\" height=\"617\" src=\"https:\/\/duplakovacs.hu\/wp-content\/uploads\/2013\/10\/c\u00e9g\u00e9r.jpg\" class=\"attachment-large size-large\" alt=\"\" aria-describedby=\"gallery-1-899\" srcset=\"https:\/\/duplakovacs.hu\/wp-content\/uploads\/2013\/10\/c\u00e9g\u00e9r.jpg 592w, https:\/\/duplakovacs.hu\/wp-content\/uploads\/2013\/10\/c\u00e9g\u00e9r-287x300.jpg 287w\" sizes=\"auto, (max-width: 592px) 100vw, 592px\" \/><\/a>\n\t\t\t<\/dt>\n\t\t\t\t<dd class='wp-caption-text gallery-caption' id='gallery-1-899'>\n\t\t\t\tEgykaros terv\n\t\t\t\t<\/dd><\/dl><dl class='gallery-item'>\n\t\t\t<dt class='gallery-icon landscape'>\n\t\t\t\t<a href='https:\/\/duplakovacs.hu\/?attachment_id=1012'><img loading=\"lazy\" decoding=\"async\" width=\"463\" height=\"400\" src=\"https:\/\/duplakovacs.hu\/wp-content\/uploads\/2013\/11\/C\u00e9g-13.jpg\" class=\"attachment-large size-large\" alt=\"\" aria-describedby=\"gallery-1-1012\" srcset=\"https:\/\/duplakovacs.hu\/wp-content\/uploads\/2013\/11\/C\u00e9g-13.jpg 463w, https:\/\/duplakovacs.hu\/wp-content\/uploads\/2013\/11\/C\u00e9g-13-300x259.jpg 300w\" sizes=\"auto, (max-width: 463px) 100vw, 463px\" \/><\/a>\n\t\t\t<\/dt>\n\t\t\t\t<dd class='wp-caption-text gallery-caption' id='gallery-1-1012'>\n\t\t\t\tC\u00e9g\u00e9rkonzol kerettel\n\t\t\t\t<\/dd><\/dl><br style=\"clear: both\" \/><dl class='gallery-item'>\n\t\t\t<dt class='gallery-icon portrait'>\n\t\t\t\t<a href='https:\/\/duplakovacs.hu\/?attachment_id=1082'><img loading=\"lazy\" decoding=\"async\" width=\"625\" height=\"772\" src=\"https:\/\/duplakovacs.hu\/wp-content\/uploads\/2013\/11\/C\u00e9g-1.jpg\" class=\"attachment-large size-large\" alt=\"\" aria-describedby=\"gallery-1-1082\" srcset=\"https:\/\/duplakovacs.hu\/wp-content\/uploads\/2013\/11\/C\u00e9g-1.jpg 732w, https:\/\/duplakovacs.hu\/wp-content\/uploads\/2013\/11\/C\u00e9g-1-242x300.jpg 242w\" sizes=\"auto, (max-width: 625px) 100vw, 625px\" \/><\/a>\n\t\t\t<\/dt>\n\t\t\t\t<dd class='wp-caption-text gallery-caption' id='gallery-1-1082'>\n\t\t\t\tC\u00e9g\u00e9tkonzul keretet tart\u00f3val\n\t\t\t\t<\/dd><\/dl><dl class='gallery-item'>\n\t\t\t<dt class='gallery-icon portrait'>\n\t\t\t\t<a href='https:\/\/duplakovacs.hu\/?attachment_id=1009'><img loading=\"lazy\" decoding=\"async\" width=\"422\" height=\"557\" src=\"https:\/\/duplakovacs.hu\/wp-content\/uploads\/2013\/11\/C\u00e9g-2.jpg\" class=\"attachment-large size-large\" alt=\"\" aria-describedby=\"gallery-1-1009\" srcset=\"https:\/\/duplakovacs.hu\/wp-content\/uploads\/2013\/11\/C\u00e9g-2.jpg 422w, https:\/\/duplakovacs.hu\/wp-content\/uploads\/2013\/11\/C\u00e9g-2-227x300.jpg 227w\" sizes=\"auto, (max-width: 422px) 100vw, 422px\" \/><\/a>\n\t\t\t<\/dt>\n\t\t\t\t<dd class='wp-caption-text gallery-caption' id='gallery-1-1009'>\n\t\t\t\tRobosztus c\u00e9g\u00e9rkonzul\n\t\t\t\t<\/dd><\/dl><dl class='gallery-item'>\n\t\t\t<dt class='gallery-icon portrait'>\n\t\t\t\t<a href='https:\/\/duplakovacs.hu\/?attachment_id=1013'><img loading=\"lazy\" decoding=\"async\" width=\"400\" height=\"642\" src=\"https:\/\/duplakovacs.hu\/wp-content\/uploads\/2013\/11\/C\u00e9g-5.jpg\" class=\"attachment-large size-large\" alt=\"\" aria-describedby=\"gallery-1-1013\" srcset=\"https:\/\/duplakovacs.hu\/wp-content\/uploads\/2013\/11\/C\u00e9g-5.jpg 400w, https:\/\/duplakovacs.hu\/wp-content\/uploads\/2013\/11\/C\u00e9g-5-186x300.jpg 186w\" sizes=\"auto, (max-width: 400px) 100vw, 400px\" \/><\/a>\n\t\t\t<\/dt>\n\t\t\t\t<dd class='wp-caption-text gallery-caption' id='gallery-1-1013'>\n\t\t\t\tAntikolt c\u00e9g\u00e9rkonzul\n\t\t\t\t<\/dd><\/dl><br style=\"clear: both\" \/><dl class='gallery-item'>\n\t\t\t<dt class='gallery-icon portrait'>\n\t\t\t\t<a href='https:\/\/duplakovacs.hu\/?attachment_id=900'><img loading=\"lazy\" decoding=\"async\" width=\"461\" height=\"692\" src=\"https:\/\/duplakovacs.hu\/wp-content\/uploads\/2013\/10\/IMG_01781.jpg\" class=\"attachment-large size-large\" alt=\"\" aria-describedby=\"gallery-1-900\" srcset=\"https:\/\/duplakovacs.hu\/wp-content\/uploads\/2013\/10\/IMG_01781.jpg 461w, https:\/\/duplakovacs.hu\/wp-content\/uploads\/2013\/10\/IMG_01781-199x300.jpg 199w\" sizes=\"auto, (max-width: 461px) 100vw, 461px\" \/><\/a>\n\t\t\t<\/dt>\n\t\t\t\t<dd class='wp-caption-text gallery-caption' id='gallery-1-900'>\n\t\t\t\tTurul \u00dczleth\u00e1z c\u00e9g\u00e9r kont\u00far\n\t\t\t\t<\/dd><\/dl><dl class='gallery-item'>\n\t\t\t<dt class='gallery-icon portrait'>\n\t\t\t\t<a href='https:\/\/duplakovacs.hu\/?attachment_id=1194'><img loading=\"lazy\" decoding=\"async\" width=\"625\" height=\"681\" src=\"https:\/\/duplakovacs.hu\/wp-content\/uploads\/2013\/10\/C\u00e9g-12.jpg\" class=\"attachment-large size-large\" alt=\"\" aria-describedby=\"gallery-1-1194\" srcset=\"https:\/\/duplakovacs.hu\/wp-content\/uploads\/2013\/10\/C\u00e9g-12.jpg 699w, https:\/\/duplakovacs.hu\/wp-content\/uploads\/2013\/10\/C\u00e9g-12-275x300.jpg 275w\" sizes=\"auto, (max-width: 625px) 100vw, 625px\" \/><\/a>\n\t\t\t<\/dt>\n\t\t\t\t<dd class='wp-caption-text gallery-caption' id='gallery-1-1194'>\n\t\t\t\tC\u00c9H Gal\u00e1ria egykatosa\n\t\t\t\t<\/dd><\/dl><dl class='gallery-item'>\n\t\t\t<dt class='gallery-icon portrait'>\n\t\t\t\t<a href='https:\/\/duplakovacs.hu\/?attachment_id=898'><img loading=\"lazy\" decoding=\"async\" width=\"461\" height=\"692\" src=\"https:\/\/duplakovacs.hu\/wp-content\/uploads\/2013\/10\/IMG_01791.jpg\" class=\"attachment-large size-large\" alt=\"\" aria-describedby=\"gallery-1-898\" srcset=\"https:\/\/duplakovacs.hu\/wp-content\/uploads\/2013\/10\/IMG_01791.jpg 461w, https:\/\/duplakovacs.hu\/wp-content\/uploads\/2013\/10\/IMG_01791-199x300.jpg 199w\" sizes=\"auto, (max-width: 461px) 100vw, 461px\" \/><\/a>\n\t\t\t<\/dt>\n\t\t\t\t<dd class='wp-caption-text gallery-caption' id='gallery-1-898'>\n\t\t\t\tTurul \u00dczleth\u00e1z turulmadara\n\t\t\t\t<\/dd><\/dl><br style=\"clear: both\" \/><dl class='gallery-item'>\n\t\t\t<dt class='gallery-icon portrait'>\n\t\t\t\t<a href='https:\/\/duplakovacs.hu\/?attachment_id=1010'><img loading=\"lazy\" decoding=\"async\" width=\"327\" height=\"630\" src=\"https:\/\/duplakovacs.hu\/wp-content\/uploads\/2013\/11\/C\u00e9g-101.jpg\" class=\"attachment-large size-large\" alt=\"\" aria-describedby=\"gallery-1-1010\" srcset=\"https:\/\/duplakovacs.hu\/wp-content\/uploads\/2013\/11\/C\u00e9g-101.jpg 327w, https:\/\/duplakovacs.hu\/wp-content\/uploads\/2013\/11\/C\u00e9g-101-155x300.jpg 155w\" sizes=\"auto, (max-width: 327px) 100vw, 327px\" \/><\/a>\n\t\t\t<\/dt>\n\t\t\t\t<dd class='wp-caption-text gallery-caption' id='gallery-1-1010'>\n\t\t\t\tC\u00e9g\u00e9rkonzu kerettel, feliratoz\u00e1s el\u00f6tt\n\t\t\t\t<\/dd><\/dl><dl class='gallery-item'>\n\t\t\t<dt class='gallery-icon landscape'>\n\t\t\t\t<a href='https:\/\/duplakovacs.hu\/?attachment_id=1014'><img loading=\"lazy\" decoding=\"async\" width=\"625\" height=\"558\" src=\"https:\/\/duplakovacs.hu\/wp-content\/uploads\/2013\/11\/C\u00e9g-4.jpg\" class=\"attachment-large size-large\" alt=\"\" aria-describedby=\"gallery-1-1014\" srcset=\"https:\/\/duplakovacs.hu\/wp-content\/uploads\/2013\/11\/C\u00e9g-4.jpg 644w, https:\/\/duplakovacs.hu\/wp-content\/uploads\/2013\/11\/C\u00e9g-4-300x267.jpg 300w\" sizes=\"auto, (max-width: 625px) 100vw, 625px\" \/><\/a>\n\t\t\t<\/dt>\n\t\t\t\t<dd class='wp-caption-text gallery-caption' id='gallery-1-1014'>\n\t\t\t\tC\u00e9g\u00e9rkonzul kerettel\n\t\t\t\t<\/dd><\/dl><dl class='gallery-item'>\n\t\t\t<dt class='gallery-icon portrait'>\n\t\t\t\t<a href='https:\/\/duplakovacs.hu\/?attachment_id=1011'><img loading=\"lazy\" decoding=\"async\" width=\"484\" height=\"544\" src=\"https:\/\/duplakovacs.hu\/wp-content\/uploads\/2013\/11\/C\u00e9g-81.jpg\" class=\"attachment-large size-large\" alt=\"\" aria-describedby=\"gallery-1-1011\" srcset=\"https:\/\/duplakovacs.hu\/wp-content\/uploads\/2013\/11\/C\u00e9g-81.jpg 484w, https:\/\/duplakovacs.hu\/wp-content\/uploads\/2013\/11\/C\u00e9g-81-266x300.jpg 266w\" sizes=\"auto, (max-width: 484px) 100vw, 484px\" \/><\/a>\n\t\t\t<\/dt>\n\t\t\t\t<dd class='wp-caption-text gallery-caption' id='gallery-1-1011'>\n\t\t\t\tC\u00e9g\u00e9rkonzul fakerettel\n\t\t\t\t<\/dd><\/dl><br style=\"clear: both\" \/>\n\t\t<\/div>\n\n","protected":false},"excerpt":{"rendered":"<p>A c\u00e9g\u00e9r vagy m\u00e1s n\u00e9ven c\u00e9hjelv\u00e9ny a k\u00f6z\u00e9pkorban elterjedt rekl\u00e1m- \u00e9s t\u00e1j\u00e9koztat\u00f3 eszk\u00f6z: \u00fczlet vagy m\u0171hely el\u00e9 j\u00f3l l\u00e1that\u00f3an kiakasztott t\u00e1rgy, vagy jelk\u00e9pes \u00e1br\u00e1zol\u00e1s, amely jelezte a kereskedelmi vagy ipari tev\u00e9kenys\u00e9get.P\u00e9ld\u00e1ul borb\u00e9lym\u0171hely el\u0151tt r\u00e9zt\u00e1ny\u00e9r, szab\u00f3m\u0171hely el\u0151tt oll\u00f3, teh\u00e1t az \u00e1ltal\u00e1ban haszn\u00e1lt eszk\u00f6z\u00f6k vagy kompoz\u00edci\u00f3ja, esetleg a gy\u00e1rtott term\u00e9k. \u00c9ttermek \u00e9s kocsm\u00e1k el\u0151tt a n\u00e9vad\u00f3 t\u00e1rgy [&hellip;]<\/p>\n","protected":false},"author":2,"featured_media":0,"parent":668,"menu_order":1,"comment_status":"open","ping_status":"closed","template":"","meta":{"footnotes":""},"class_list":["post-792","page","type-page","status-publish","hentry"],"_links":{"self":[{"href":"https:\/\/duplakovacs.hu\/index.php?rest_route=\/wp\/v2\/pages\/792","targetHints":{"allow":["GET"]}}],"collection":[{"href":"https:\/\/duplakovacs.hu\/index.php?rest_route=\/wp\/v2\/pages"}],"about":[{"href":"https:\/\/duplakovacs.hu\/index.php?rest_route=\/wp\/v2\/types\/page"}],"author":[{"embeddable":true,"href":"https:\/\/duplakovacs.hu\/index.php?rest_route=\/wp\/v2\/users\/2"}],"replies":[{"embeddable":true,"href":"https:\/\/duplakovacs.hu\/index.php?rest_route=%2Fwp%2Fv2%2Fcomments&post=792"}],"version-history":[{"count":9,"href":"https:\/\/duplakovacs.hu\/index.php?rest_route=\/wp\/v2\/pages\/792\/revisions"}],"predecessor-version":[{"id":1739,"href":"https:\/\/duplakovacs.hu\/index.php?rest_route=\/wp\/v2\/pages\/792\/revisions\/1739"}],"up":[{"embeddable":true,"href":"https:\/\/duplakovacs.hu\/index.php?rest_route=\/wp\/v2\/pages\/668"}],"wp:attachment":[{"href":"https:\/\/duplakovacs.hu\/index.php?rest_route=%2Fwp%2Fv2%2Fmedia&parent=792"}],"curies":[{"name":"wp","href":"https:\/\/api.w.org\/{rel}","templated":true}]}}