{"id":724,"date":"2010-09-15T05:33:46","date_gmt":"2010-09-15T05:33:46","guid":{"rendered":"http:\/\/elegantthemes.com\/preview\/DeepFocus\/?page_id=2"},"modified":"2013-12-02T06:12:19","modified_gmt":"2013-12-02T06:12:19","slug":"about-2","status":"publish","type":"page","link":"https:\/\/duplakovacs.hu\/?page_id=724","title":{"rendered":"R\u00f3lunk"},"content":{"rendered":"<p style=\"text-align: justify;\"><a href=\"https:\/\/duplakovacs.hu\/wp-content\/uploads\/2013\/11\/Endre.jpg\"><img loading=\"lazy\" decoding=\"async\" class=\"alignnone size-full wp-image-1055\" alt=\"Endre\" src=\"https:\/\/duplakovacs.hu\/wp-content\/uploads\/2013\/11\/Endre.jpg\" width=\"105\" height=\"132\" \/><\/a><\/p>\n<p style=\"text-align: justify;\">Egy le\u00edr\u00e1s a weboldalr\u00f3l, A m\u0171hely \u00e9s a tev\u00e9nykenys\u00e9g le\u00edr\u00e1sa,<\/p>\n<p style=\"text-align: justify;\">A v\u00e1llakoz\u00e1s Sokoldal\u00fa mivolt\u00e1r\u00f3l. Szerencs\u00e9s hogy az apja,<\/p>\n<p style=\"text-align: justify;\">\u00a0\u00fcyint\u00e9z\u0151i, tan\u00e1csad\u00f3i min\u0151s\u00e9gben nyugdijas k\u00e9nt seg\u00edti munk\u00e1j\u00e1t..<\/p>\n","protected":false},"excerpt":{"rendered":"<p>Egy le\u00edr\u00e1s a weboldalr\u00f3l, A m\u0171hely \u00e9s a tev\u00e9nykenys\u00e9g le\u00edr\u00e1sa, A v\u00e1llakoz\u00e1s Sokoldal\u00fa mivolt\u00e1r\u00f3l. Szerencs\u00e9s hogy az apja, \u00a0\u00fcyint\u00e9z\u0151i, tan\u00e1csad\u00f3i min\u0151s\u00e9gben nyugdijas k\u00e9nt seg\u00edti munk\u00e1j\u00e1t..<\/p>\n","protected":false},"author":2,"featured_media":0,"parent":0,"menu_order":0,"comment_status":"open","ping_status":"closed","template":"","meta":{"footnotes":""},"class_list":["post-724","page","type-page","status-publish","hentry"],"_links":{"self":[{"href":"https:\/\/duplakovacs.hu\/index.php?rest_route=\/wp\/v2\/pages\/724","targetHints":{"allow":["GET"]}}],"collection":[{"href":"https:\/\/duplakovacs.hu\/index.php?rest_route=\/wp\/v2\/pages"}],"about":[{"href":"https:\/\/duplakovacs.hu\/index.php?rest_route=\/wp\/v2\/types\/page"}],"author":[{"embeddable":true,"href":"https:\/\/duplakovacs.hu\/index.php?rest_route=\/wp\/v2\/users\/2"}],"replies":[{"embeddable":true,"href":"https:\/\/duplakovacs.hu\/index.php?rest_route=%2Fwp%2Fv2%2Fcomments&post=724"}],"version-history":[{"count":8,"href":"https:\/\/duplakovacs.hu\/index.php?rest_route=\/wp\/v2\/pages\/724\/revisions"}],"predecessor-version":[{"id":1089,"href":"https:\/\/duplakovacs.hu\/index.php?rest_route=\/wp\/v2\/pages\/724\/revisions\/1089"}],"wp:attachment":[{"href":"https:\/\/duplakovacs.hu\/index.php?rest_route=%2Fwp%2Fv2%2Fmedia&parent=724"}],"curies":[{"name":"wp","href":"https:\/\/api.w.org\/{rel}","templated":true}]}}