{"id":2,"date":"2013-10-21T09:11:27","date_gmt":"2013-10-21T09:11:27","guid":{"rendered":"https:\/\/duplakovacs.hu\/?page_id=2"},"modified":"2013-12-02T06:11:03","modified_gmt":"2013-12-02T06:11:03","slug":"sample-page","status":"publish","type":"page","link":"https:\/\/duplakovacs.hu\/?page_id=2","title":{"rendered":"Kapcsolat"},"content":{"rendered":"<p><a style=\"text-align: justify;\" href=\"https:\/\/duplakovacs.hu\/wp-content\/uploads\/2013\/11\/Endre.jpg\"><img loading=\"lazy\" decoding=\"async\" class=\"size-full wp-image-1055 alignright\" style=\"margin: 5px;\" alt=\"Endre\" src=\"https:\/\/duplakovacs.hu\/wp-content\/uploads\/2013\/11\/Endre.jpg\" width=\"105\" height=\"132\" \/><\/a><\/p>\n<ul>\n<li>K\u00e9rj\u00fck, hogy k\u00e9rd\u00e9s\u00e9vel, v\u00e9lem\u00e9ny\u00e9vel keressen meg benn\u00fcnket.<\/li>\n<li>T\u00f6ltse ki, \u00e9s k\u00fcldje el az al\u00e1bbi \u0171rlapot, amilyen gyorsan tudunk, v\u00e1laszolunk!<\/li>\n<li>Mobil: +3620 777 9947 vagy +3620 3 147 157<\/li>\n<li>Telefon \u00e9s fax: +3626 312 037<\/li>\n<\/ul>\n<p>&nbsp;<\/p>\n","protected":false},"excerpt":{"rendered":"<p>K\u00e9rj\u00fck, hogy k\u00e9rd\u00e9s\u00e9vel, v\u00e9lem\u00e9ny\u00e9vel keressen meg benn\u00fcnket. T\u00f6ltse ki, \u00e9s k\u00fcldje el az al\u00e1bbi \u0171rlapot, amilyen gyorsan tudunk, v\u00e1laszolunk! Mobil: +3620 777 9947 vagy +3620 3 147 157 Telefon \u00e9s fax: +3626 312 037 &nbsp;<\/p>\n","protected":false},"author":2,"featured_media":0,"parent":0,"menu_order":0,"comment_status":"open","ping_status":"closed","template":"page-contact.php","meta":{"footnotes":""},"class_list":["post-2","page","type-page","status-publish","hentry"],"_links":{"self":[{"href":"https:\/\/duplakovacs.hu\/index.php?rest_route=\/wp\/v2\/pages\/2","targetHints":{"allow":["GET"]}}],"collection":[{"href":"https:\/\/duplakovacs.hu\/index.php?rest_route=\/wp\/v2\/pages"}],"about":[{"href":"https:\/\/duplakovacs.hu\/index.php?rest_route=\/wp\/v2\/types\/page"}],"author":[{"embeddable":true,"href":"https:\/\/duplakovacs.hu\/index.php?rest_route=\/wp\/v2\/users\/2"}],"replies":[{"embeddable":true,"href":"https:\/\/duplakovacs.hu\/index.php?rest_route=%2Fwp%2Fv2%2Fcomments&post=2"}],"version-history":[{"count":11,"href":"https:\/\/duplakovacs.hu\/index.php?rest_route=\/wp\/v2\/pages\/2\/revisions"}],"predecessor-version":[{"id":1307,"href":"https:\/\/duplakovacs.hu\/index.php?rest_route=\/wp\/v2\/pages\/2\/revisions\/1307"}],"wp:attachment":[{"href":"https:\/\/duplakovacs.hu\/index.php?rest_route=%2Fwp%2Fv2%2Fmedia&parent=2"}],"curies":[{"name":"wp","href":"https:\/\/api.w.org\/{rel}","templated":true}]}}