{"id":164,"date":"2010-09-15T08:02:28","date_gmt":"2010-09-15T08:02:28","guid":{"rendered":"http:\/\/elegantthemes.com\/preview\/DeepFocus\/?page_id=164"},"modified":"2022-08-08T10:51:37","modified_gmt":"2022-08-08T10:51:37","slug":"full-width","status":"publish","type":"page","link":"https:\/\/duplakovacs.hu\/?page_id=164","title":{"rendered":"Itt vagyunk"},"content":{"rendered":"<p>C\u00edm: 2000 Szentendre, B\u00fckk\u00f6s part 21.<br \/>\nTelefon \u00e9s Fax:+3626 312 037<br \/>\nMobil:+3620 3 114 157 +3620 777 9947<\/p>\n<p><iframe loading=\"lazy\" src=\"https:\/\/www.google.com\/maps\/ms?msa=0&amp;msid=215606419197530028659.0004e981ccf6f9f0a5987&amp;ie=UTF8&amp;t=m&amp;ll=47.667078,19.075162&amp;spn=0.006503,0.011995&amp;z=16&amp;output=embed\" width=\"560\" height=\"450\" frameborder=\"0\" marginwidth=\"0\" marginheight=\"0\" scrolling=\"no\"><\/iframe><\/p>\n<p>Ez itt az egyik m\u0171hely (az eg\u00e9rrel ak\u00e1r k\u00f6r\u00fcl is lehet n\u00e9zni):<\/p>\n<p>[streetview width=&#8221;90%&#8221; height=&#8221;350px&#8221; lat=&#8221;47.665714&#8243; lng=&#8221;19.075058000000013&#8243; heading=&#8221;122.29475381208985&#8243; pitch=&#8221;-4.34468867869137&#8243; zoom=&#8221;1&#8243;][\/streetview]<\/p>\n","protected":false},"excerpt":{"rendered":"<p>C\u00edm: 2000 Szentendre, B\u00fckk\u00f6s part 21. Telefon \u00e9s Fax:+3626 312 037 Mobil:+3620 3 114 157 +3620 777 9947 Ez itt az egyik m\u0171hely (az eg\u00e9rrel ak\u00e1r k\u00f6r\u00fcl is lehet n\u00e9zni): [streetview width=&#8221;90%&#8221; height=&#8221;350px&#8221; lat=&#8221;47.665714&#8243; lng=&#8221;19.075058000000013&#8243; heading=&#8221;122.29475381208985&#8243; pitch=&#8221;-4.34468867869137&#8243; zoom=&#8221;1&#8243;][\/streetview]<\/p>\n","protected":false},"author":2,"featured_media":0,"parent":724,"menu_order":0,"comment_status":"closed","ping_status":"closed","template":"","meta":{"footnotes":""},"class_list":["post-164","page","type-page","status-publish","hentry"],"_links":{"self":[{"href":"https:\/\/duplakovacs.hu\/index.php?rest_route=\/wp\/v2\/pages\/164","targetHints":{"allow":["GET"]}}],"collection":[{"href":"https:\/\/duplakovacs.hu\/index.php?rest_route=\/wp\/v2\/pages"}],"about":[{"href":"https:\/\/duplakovacs.hu\/index.php?rest_route=\/wp\/v2\/types\/page"}],"author":[{"embeddable":true,"href":"https:\/\/duplakovacs.hu\/index.php?rest_route=\/wp\/v2\/users\/2"}],"replies":[{"embeddable":true,"href":"https:\/\/duplakovacs.hu\/index.php?rest_route=%2Fwp%2Fv2%2Fcomments&post=164"}],"version-history":[{"count":11,"href":"https:\/\/duplakovacs.hu\/index.php?rest_route=\/wp\/v2\/pages\/164\/revisions"}],"predecessor-version":[{"id":1762,"href":"https:\/\/duplakovacs.hu\/index.php?rest_route=\/wp\/v2\/pages\/164\/revisions\/1762"}],"up":[{"embeddable":true,"href":"https:\/\/duplakovacs.hu\/index.php?rest_route=\/wp\/v2\/pages\/724"}],"wp:attachment":[{"href":"https:\/\/duplakovacs.hu\/index.php?rest_route=%2Fwp%2Fv2%2Fmedia&parent=164"}],"curies":[{"name":"wp","href":"https:\/\/api.w.org\/{rel}","templated":true}]}}