{"id":1181,"date":"2013-11-14T00:14:44","date_gmt":"2013-11-14T00:14:44","guid":{"rendered":"https:\/\/duplakovacs.hu\/?page_id=1181"},"modified":"2022-08-08T11:02:36","modified_gmt":"2022-08-08T11:02:36","slug":"partnereink","status":"publish","type":"page","link":"https:\/\/duplakovacs.hu\/?page_id=1181","title":{"rendered":"Biztons\u00e1gi ablakr\u00e1csok"},"content":{"rendered":"<p><a href=\"https:\/\/duplakovacs.hu\/wp-content\/uploads\/2010\/09\/IMAG0629.jpg\">A biztons\u00e1gi r\u00e1csok v\u00e9delmet ny\u00fajtanak a bet\u00f6r\u00e9sekt\u0151l \u00e9s ha sz\u00e9p m\u00edves munka m\u00e9g d\u00edsz\u00edt\u0151 szerepet is ell\u00e1t<\/a><\/p>\n<p>A\u00a0<b>mechanikai v\u00e9delem<\/b>\u00a0a\u00a0<a title=\"Fizikai v\u00e9delem (a lap nem l\u00e9tezik)\" href=\"http:\/\/hu.wikipedia.org\/w\/index.php?title=Fizikai_v%C3%A9delem&amp;action=edit&amp;redlink=1\">fizikai v\u00e9delem<\/a>\u00a0r\u00e9sze. Feladata, hogy akad\u00e1lyozza, lass\u00edtsa a v\u00e9dend\u0151 objektumba val\u00f3 illet\u00e9ktelen behatol\u00e1st \u00e9s a v\u00e9dend\u0151 \u00e9rt\u00e9kekhez t\u00f6rt\u00e9n\u0151 illet\u00e9ktelen hozz\u00e1f\u00e9r\u00e9st. A mechanikai v\u00e9delem \u0151sid\u0151k \u00f3ta l\u00e9tez\u0151 &#8222;technika&#8221;, mely term\u00e9szetesen az id\u0151k folyam\u00e1n fokozatosan fejl\u0151d\u00f6tt, \u00e9s a k\u0151akad\u00e1lyokt\u00f3l, fa reteszekt\u0151l, z\u00e1rlakatokt\u00f3l a mai modern r\u00e1csokig, biztons\u00e1gi ajt\u00f3kig p\u00e1nc\u00e9lszekr\u00e9nyekig besz\u00e9lhet\u00fcnk fokozatair\u00f3l. A mechanikai v\u00e9delem leegyszer\u0171s\u00edtve azt jelenti, hogy a v\u00e9delem \/(dolog, ember\/ \u00e9rdek\u00e9ben bizonyos helyre val\u00f3 bejut\u00e1s lehet\u0151s\u00e9g\u00e9t k\u00edv\u00e1njuk lass\u00edtani, vagy megakad\u00e1lyozni. A mechanikai v\u00e9delem c\u00e9lja az \u201eakad\u00e1lyk\u00e9pz\u00e9s&#8221;, a leend\u0151 elk\u00f6vet\u0151 k\u00f6zvetett elriaszt\u00e1sa a cselekm\u00e9ny elk\u00f6vet\u00e9s\u00e9t\u0151l azzal, hogy lek\u00fczd\u00e9se sok id\u0151t vesz ig\u00e9nybe, \u00e9s speci\u00e1lis felk\u00e9sz\u00fclts\u00e9get ig\u00e9nyel. A mechanikai v\u00e9delem els\u0151 feladata teh\u00e1t az elk\u00f6vet\u0151 &#8222;lass\u00edt\u00e1sa, akad\u00e1lyoz\u00e1sa&#8221;.<\/p>\n\n\t\t<style type=\"text\/css\">\n\t\t\t#gallery-1 {\n\t\t\t\tmargin: auto;\n\t\t\t}\n\t\t\t#gallery-1 .gallery-item {\n\t\t\t\tfloat: left;\n\t\t\t\tmargin-top: 10px;\n\t\t\t\ttext-align: center;\n\t\t\t\twidth: 50%;\n\t\t\t}\n\t\t\t#gallery-1 img {\n\t\t\t\tborder: 2px solid #cfcfcf;\n\t\t\t}\n\t\t\t#gallery-1 .gallery-caption {\n\t\t\t\tmargin-left: 0;\n\t\t\t}\n\t\t\t\/* see gallery_shortcode() in wp-includes\/media.php *\/\n\t\t<\/style>\n\t\t<div id='gallery-1' class='gallery galleryid-1181 gallery-columns-2 gallery-size-large'><dl class='gallery-item'>\n\t\t\t<dt class='gallery-icon portrait'>\n\t\t\t\t<a href='https:\/\/duplakovacs.hu\/?attachment_id=1288'><img loading=\"lazy\" decoding=\"async\" width=\"250\" height=\"442\" src=\"https:\/\/duplakovacs.hu\/wp-content\/uploads\/2010\/09\/IMAG0628-e1391007383291.jpg\" class=\"attachment-large size-large\" alt=\"\" aria-describedby=\"gallery-1-1288\" \/><\/a>\n\t\t\t<\/dt>\n\t\t\t\t<dd class='wp-caption-text gallery-caption' id='gallery-1-1288'>\n\t\t\t\tBilincselt ap\u00e1ca rendszer\u0171 r\u00e1cs\n\t\t\t\t<\/dd><\/dl><dl class='gallery-item'>\n\t\t\t<dt class='gallery-icon portrait'>\n\t\t\t\t<a href='https:\/\/duplakovacs.hu\/?attachment_id=1289'><img loading=\"lazy\" decoding=\"async\" width=\"456\" height=\"807\" src=\"https:\/\/duplakovacs.hu\/wp-content\/uploads\/2010\/09\/IMAG0629.jpg\" class=\"attachment-large size-large\" alt=\"\" srcset=\"https:\/\/duplakovacs.hu\/wp-content\/uploads\/2010\/09\/IMAG0629.jpg 456w, https:\/\/duplakovacs.hu\/wp-content\/uploads\/2010\/09\/IMAG0629-169x300.jpg 169w\" sizes=\"auto, (max-width: 456px) 100vw, 456px\" \/><\/a>\n\t\t\t<\/dt><\/dl><br style=\"clear: both\" \/>\n\t\t<\/div>\n\n<p><a href=\"https:\/\/duplakovacs.hu\/wp-content\/uploads\/2013\/11\/IMG_0051.jpg\"><img loading=\"lazy\" decoding=\"async\" class=\"wp-image-1615 size-medium aligncenter\" src=\"https:\/\/duplakovacs.hu\/wp-content\/uploads\/2013\/11\/IMG_0051-300x293.jpg\" alt=\"Ap\u00e1ca rendszer\u0171\" width=\"300\" height=\"293\" srcset=\"https:\/\/duplakovacs.hu\/wp-content\/uploads\/2013\/11\/IMG_0051-300x293.jpg 300w, https:\/\/duplakovacs.hu\/wp-content\/uploads\/2013\/11\/IMG_0051-1024x1001.jpg 1024w\" sizes=\"auto, (max-width: 300px) 100vw, 300px\" \/><\/a><\/p>\n<p style=\"text-align: center;\">Ap\u00e1ca rendszer\u0171 hull\u00e1mos bilincselt r\u00e1cs<\/p>\n<p><img loading=\"lazy\" decoding=\"async\" class=\"wp-image-1285 size-medium aligncenter\" src=\"https:\/\/duplakovacs.hu\/wp-content\/uploads\/2010\/09\/IMAG0686-272x300.jpg\" alt=\"Polg\u00e1rmesteri bizt r\u00e1cs\" width=\"272\" height=\"300\" srcset=\"https:\/\/duplakovacs.hu\/wp-content\/uploads\/2010\/09\/IMAG0686-272x300.jpg 272w, https:\/\/duplakovacs.hu\/wp-content\/uploads\/2010\/09\/IMAG0686.jpg 358w\" sizes=\"auto, (max-width: 272px) 100vw, 272px\" \/><\/p>\n<p style=\"text-align: center;\">Enyh\u00e9n d\u00edsz\u00edtett biztons\u00e1gi r\u00e1cs<\/p>\n\n\t\t<style type=\"text\/css\">\n\t\t\t#gallery-2 {\n\t\t\t\tmargin: auto;\n\t\t\t}\n\t\t\t#gallery-2 .gallery-item {\n\t\t\t\tfloat: left;\n\t\t\t\tmargin-top: 10px;\n\t\t\t\ttext-align: center;\n\t\t\t\twidth: 50%;\n\t\t\t}\n\t\t\t#gallery-2 img {\n\t\t\t\tborder: 2px solid #cfcfcf;\n\t\t\t}\n\t\t\t#gallery-2 .gallery-caption {\n\t\t\t\tmargin-left: 0;\n\t\t\t}\n\t\t\t\/* see gallery_shortcode() in wp-includes\/media.php *\/\n\t\t<\/style>\n\t\t<div id='gallery-2' class='gallery galleryid-1181 gallery-columns-2 gallery-size-large'><dl class='gallery-item'>\n\t\t\t<dt class='gallery-icon landscape'>\n\t\t\t\t<a href='https:\/\/duplakovacs.hu\/?attachment_id=1609'><img loading=\"lazy\" decoding=\"async\" width=\"220\" height=\"200\" src=\"https:\/\/duplakovacs.hu\/wp-content\/uploads\/2013\/11\/P10103701.jpg\" class=\"attachment-large size-large\" alt=\"\" \/><\/a>\n\t\t\t<\/dt><\/dl><dl class='gallery-item'>\n\t\t\t<dt class='gallery-icon portrait'>\n\t\t\t\t<a href='https:\/\/duplakovacs.hu\/?attachment_id=1623'><img loading=\"lazy\" decoding=\"async\" width=\"566\" height=\"800\" src=\"https:\/\/duplakovacs.hu\/wp-content\/uploads\/2014\/08\/R4-1.jpg\" class=\"attachment-large size-large\" alt=\"\" srcset=\"https:\/\/duplakovacs.hu\/wp-content\/uploads\/2014\/08\/R4-1.jpg 566w, https:\/\/duplakovacs.hu\/wp-content\/uploads\/2014\/08\/R4-1-212x300.jpg 212w\" sizes=\"auto, (max-width: 566px) 100vw, 566px\" \/><\/a>\n\t\t\t<\/dt><\/dl><br style=\"clear: both\" \/>\n\t\t<\/div>\n\n<p style=\"text-align: center;\">Polg\u00e1rmesteri biztons\u00e1gi r\u00e1csa<\/p>\n<p>&nbsp;<\/p>\n<p><a href=\"https:\/\/duplakovacs.hu\/wp-content\/uploads\/2010\/09\/IMG_0201-e1391007079471.jpg\"><img loading=\"lazy\" decoding=\"async\" class=\"size-full wp-image-1284 aligncenter\" src=\"https:\/\/duplakovacs.hu\/wp-content\/uploads\/2010\/09\/IMG_0201-e1391007079471.jpg\" alt=\"IMG_0201\" width=\"350\" height=\"426\" \/><\/a><\/p>\n","protected":false},"excerpt":{"rendered":"<p>A biztons\u00e1gi r\u00e1csok v\u00e9delmet ny\u00fajtanak a bet\u00f6r\u00e9sekt\u0151l \u00e9s ha sz\u00e9p m\u00edves munka m\u00e9g d\u00edsz\u00edt\u0151 szerepet is ell\u00e1t A\u00a0mechanikai v\u00e9delem\u00a0a\u00a0fizikai v\u00e9delem\u00a0r\u00e9sze. Feladata, hogy akad\u00e1lyozza, lass\u00edtsa a v\u00e9dend\u0151 objektumba val\u00f3 illet\u00e9ktelen behatol\u00e1st \u00e9s a v\u00e9dend\u0151 \u00e9rt\u00e9kekhez t\u00f6rt\u00e9n\u0151 illet\u00e9ktelen hozz\u00e1f\u00e9r\u00e9st. A mechanikai v\u00e9delem \u0151sid\u0151k \u00f3ta l\u00e9tez\u0151 &#8222;technika&#8221;, mely term\u00e9szetesen az id\u0151k folyam\u00e1n fokozatosan fejl\u0151d\u00f6tt, \u00e9s a k\u0151akad\u00e1lyokt\u00f3l, fa [&hellip;]<\/p>\n","protected":false},"author":2,"featured_media":1287,"parent":668,"menu_order":3,"comment_status":"open","ping_status":"closed","template":"","meta":{"footnotes":""},"class_list":["post-1181","page","type-page","status-publish","has-post-thumbnail","hentry"],"_links":{"self":[{"href":"https:\/\/duplakovacs.hu\/index.php?rest_route=\/wp\/v2\/pages\/1181","targetHints":{"allow":["GET"]}}],"collection":[{"href":"https:\/\/duplakovacs.hu\/index.php?rest_route=\/wp\/v2\/pages"}],"about":[{"href":"https:\/\/duplakovacs.hu\/index.php?rest_route=\/wp\/v2\/types\/page"}],"author":[{"embeddable":true,"href":"https:\/\/duplakovacs.hu\/index.php?rest_route=\/wp\/v2\/users\/2"}],"replies":[{"embeddable":true,"href":"https:\/\/duplakovacs.hu\/index.php?rest_route=%2Fwp%2Fv2%2Fcomments&post=1181"}],"version-history":[{"count":10,"href":"https:\/\/duplakovacs.hu\/index.php?rest_route=\/wp\/v2\/pages\/1181\/revisions"}],"predecessor-version":[{"id":1751,"href":"https:\/\/duplakovacs.hu\/index.php?rest_route=\/wp\/v2\/pages\/1181\/revisions\/1751"}],"up":[{"embeddable":true,"href":"https:\/\/duplakovacs.hu\/index.php?rest_route=\/wp\/v2\/pages\/668"}],"wp:featuredmedia":[{"embeddable":true,"href":"https:\/\/duplakovacs.hu\/index.php?rest_route=\/wp\/v2\/media\/1287"}],"wp:attachment":[{"href":"https:\/\/duplakovacs.hu\/index.php?rest_route=%2Fwp%2Fv2%2Fmedia&parent=1181"}],"curies":[{"name":"wp","href":"https:\/\/api.w.org\/{rel}","templated":true}]}}